{"id":3716,"date":"2025-10-23T14:02:28","date_gmt":"2025-10-23T06:02:28","guid":{"rendered":"https:\/\/demo.xxshaoyuantech.xyz\/?post_type=product&#038;p=3716"},"modified":"2026-01-09T16:35:50","modified_gmt":"2026-01-09T08:35:50","slug":"single-crane-hook","status":"publish","type":"product","link":"https:\/\/www.hankocraneparts.com\/hu\/product\/single-crane-hook\/","title":{"rendered":"Egyszemes darukamp\u00f3"},"content":{"rendered":"<p>The single crane hook is forged from high-strength alloy steel, offering excellent durability and fatigue resistance. It is heat-treated, anti-corrosion coated, and designed for safe crane hook capacity up to 100 tons. With clear crane hook details, safety latches, and smooth stress-relief grooves, it ensures reliable operation. Standard models follow crane hook specifications, while custom crane hook dimensions are available for different lifting needs.<\/p>","protected":false},"featured_media":3719,"template":"","meta":{"_acf_changed":false},"tags":[],"product_catagory":[64],"class_list":["post-3716","product","type-product","status-publish","has-post-thumbnail","hentry","product_catagory-crane-hooks"],"acf":[],"yoast_head":"<!-- This site is optimized with the Yoast SEO plugin v26.7 - https:\/\/yoast.com\/wordpress\/plugins\/seo\/ -->\n<title>Single Crane Hook - Hanko<\/title>\n<meta name=\"robots\" content=\"index, follow, max-snippet:-1, max-image-preview:large, max-video-preview:-1\" \/>\n<link rel=\"canonical\" href=\"https:\/\/www.hankocraneparts.com\/hu\/product\/single-crane-hook\/\" \/>\n<meta property=\"og:locale\" content=\"hu_HU\" \/>\n<meta property=\"og:type\" content=\"article\" \/>\n<meta property=\"og:title\" content=\"Single Crane Hook - Hanko\" \/>\n<meta property=\"og:description\" content=\"The single crane hook is forged from high-strength alloy steel, offering excellent durability and fatigue resistance. It is heat-treated, anti-corrosion coated, and designed for safe crane hook capacity up to 100 tons. With clear crane hook details, safety latches, and smooth stress-relief grooves, it ensures reliable operation. Standard models follow crane hook specifications, while custom [&hellip;]\" \/>\n<meta property=\"og:url\" content=\"https:\/\/www.hankocraneparts.com\/hu\/product\/single-crane-hook\/\" \/>\n<meta property=\"og:site_name\" content=\"Hanko\" \/>\n<meta property=\"article:modified_time\" content=\"2026-01-09T08:35:50+00:00\" \/>\n<meta property=\"og:image\" content=\"https:\/\/www.hankocraneparts.com\/wp-content\/uploads\/2025\/10\/overhead-crane-hook-2-3.webp\" \/>\n\t<meta property=\"og:image:width\" content=\"650\" \/>\n\t<meta property=\"og:image:height\" content=\"451\" \/>\n\t<meta property=\"og:image:type\" content=\"image\/webp\" \/>\n<meta name=\"twitter:card\" content=\"summary_large_image\" \/>\n<meta name=\"twitter:label1\" content=\"Becs\u00fclt olvas\u00e1si id\u0151\" \/>\n\t<meta name=\"twitter:data1\" content=\"1 perc\" \/>\n<script type=\"application\/ld+json\" class=\"yoast-schema-graph\">{\"@context\":\"https:\/\/schema.org\",\"@graph\":[{\"@type\":\"WebPage\",\"@id\":\"https:\/\/www.hankocraneparts.com\/product\/single-crane-hook\/\",\"url\":\"https:\/\/www.hankocraneparts.com\/product\/single-crane-hook\/\",\"name\":\"Single Crane Hook - Hanko\",\"isPartOf\":{\"@id\":\"https:\/\/www.hankocraneparts.com\/#website\"},\"primaryImageOfPage\":{\"@id\":\"https:\/\/www.hankocraneparts.com\/product\/single-crane-hook\/#primaryimage\"},\"image\":{\"@id\":\"https:\/\/www.hankocraneparts.com\/product\/single-crane-hook\/#primaryimage\"},\"thumbnailUrl\":\"https:\/\/www.hankocraneparts.com\/wp-content\/uploads\/2025\/10\/overhead-crane-hook-2-3.webp\",\"datePublished\":\"2025-10-23T06:02:28+00:00\",\"dateModified\":\"2026-01-09T08:35:50+00:00\",\"breadcrumb\":{\"@id\":\"https:\/\/www.hankocraneparts.com\/product\/single-crane-hook\/#breadcrumb\"},\"inLanguage\":\"hu\",\"potentialAction\":[{\"@type\":\"ReadAction\",\"target\":[\"https:\/\/www.hankocraneparts.com\/product\/single-crane-hook\/\"]}]},{\"@type\":\"ImageObject\",\"inLanguage\":\"hu\",\"@id\":\"https:\/\/www.hankocraneparts.com\/product\/single-crane-hook\/#primaryimage\",\"url\":\"https:\/\/www.hankocraneparts.com\/wp-content\/uploads\/2025\/10\/overhead-crane-hook-2-3.webp\",\"contentUrl\":\"https:\/\/www.hankocraneparts.com\/wp-content\/uploads\/2025\/10\/overhead-crane-hook-2-3.webp\",\"width\":650,\"height\":451,\"caption\":\"overhead crane hook\"},{\"@type\":\"BreadcrumbList\",\"@id\":\"https:\/\/www.hankocraneparts.com\/product\/single-crane-hook\/#breadcrumb\",\"itemListElement\":[{\"@type\":\"ListItem\",\"position\":1,\"name\":\"\u9996\u9875\",\"item\":\"https:\/\/www.hankocraneparts.com\/\"},{\"@type\":\"ListItem\",\"position\":2,\"name\":\"\u4ea7\u54c1\",\"item\":\"https:\/\/www.hankocraneparts.com\/product\/\"},{\"@type\":\"ListItem\",\"position\":3,\"name\":\"Single Crane Hook\"}]},{\"@type\":\"WebSite\",\"@id\":\"https:\/\/www.hankocraneparts.com\/#website\",\"url\":\"https:\/\/www.hankocraneparts.com\/\",\"name\":\"HanKo\",\"description\":\"\",\"publisher\":{\"@id\":\"https:\/\/www.hankocraneparts.com\/#organization\"},\"potentialAction\":[{\"@type\":\"SearchAction\",\"target\":{\"@type\":\"EntryPoint\",\"urlTemplate\":\"https:\/\/www.hankocraneparts.com\/?s={search_term_string}\"},\"query-input\":{\"@type\":\"PropertyValueSpecification\",\"valueRequired\":true,\"valueName\":\"search_term_string\"}}],\"inLanguage\":\"hu\"},{\"@type\":\"Organization\",\"@id\":\"https:\/\/www.hankocraneparts.com\/#organization\",\"name\":\"HanKo\",\"url\":\"https:\/\/www.hankocraneparts.com\/\",\"logo\":{\"@type\":\"ImageObject\",\"inLanguage\":\"hu\",\"@id\":\"https:\/\/www.hankocraneparts.com\/#\/schema\/logo\/image\/\",\"url\":\"https:\/\/www.hankocraneparts.com\/wp-content\/uploads\/2025\/08\/LOGO.png\",\"contentUrl\":\"https:\/\/www.hankocraneparts.com\/wp-content\/uploads\/2025\/08\/LOGO.png\",\"width\":394,\"height\":388,\"caption\":\"HanKo\"},\"image\":{\"@id\":\"https:\/\/www.hankocraneparts.com\/#\/schema\/logo\/image\/\"}}]}<\/script>\n<!-- \/ Yoast SEO plugin. -->","yoast_head_json":{"title":"Single Crane Hook - Hanko","robots":{"index":"index","follow":"follow","max-snippet":"max-snippet:-1","max-image-preview":"max-image-preview:large","max-video-preview":"max-video-preview:-1"},"canonical":"https:\/\/www.hankocraneparts.com\/hu\/product\/single-crane-hook\/","og_locale":"hu_HU","og_type":"article","og_title":"Single Crane Hook - Hanko","og_description":"The single crane hook is forged from high-strength alloy steel, offering excellent durability and fatigue resistance. It is heat-treated, anti-corrosion coated, and designed for safe crane hook capacity up to 100 tons. With clear crane hook details, safety latches, and smooth stress-relief grooves, it ensures reliable operation. Standard models follow crane hook specifications, while custom [&hellip;]","og_url":"https:\/\/www.hankocraneparts.com\/hu\/product\/single-crane-hook\/","og_site_name":"Hanko","article_modified_time":"2026-01-09T08:35:50+00:00","og_image":[{"width":650,"height":451,"url":"https:\/\/www.hankocraneparts.com\/wp-content\/uploads\/2025\/10\/overhead-crane-hook-2-3.webp","type":"image\/webp"}],"twitter_card":"summary_large_image","twitter_misc":{"Becs\u00fclt olvas\u00e1si id\u0151":"1 perc"},"schema":{"@context":"https:\/\/schema.org","@graph":[{"@type":"WebPage","@id":"https:\/\/www.hankocraneparts.com\/product\/single-crane-hook\/","url":"https:\/\/www.hankocraneparts.com\/product\/single-crane-hook\/","name":"Single Crane Hook - Hanko","isPartOf":{"@id":"https:\/\/www.hankocraneparts.com\/#website"},"primaryImageOfPage":{"@id":"https:\/\/www.hankocraneparts.com\/product\/single-crane-hook\/#primaryimage"},"image":{"@id":"https:\/\/www.hankocraneparts.com\/product\/single-crane-hook\/#primaryimage"},"thumbnailUrl":"https:\/\/www.hankocraneparts.com\/wp-content\/uploads\/2025\/10\/overhead-crane-hook-2-3.webp","datePublished":"2025-10-23T06:02:28+00:00","dateModified":"2026-01-09T08:35:50+00:00","breadcrumb":{"@id":"https:\/\/www.hankocraneparts.com\/product\/single-crane-hook\/#breadcrumb"},"inLanguage":"hu","potentialAction":[{"@type":"ReadAction","target":["https:\/\/www.hankocraneparts.com\/product\/single-crane-hook\/"]}]},{"@type":"ImageObject","inLanguage":"hu","@id":"https:\/\/www.hankocraneparts.com\/product\/single-crane-hook\/#primaryimage","url":"https:\/\/www.hankocraneparts.com\/wp-content\/uploads\/2025\/10\/overhead-crane-hook-2-3.webp","contentUrl":"https:\/\/www.hankocraneparts.com\/wp-content\/uploads\/2025\/10\/overhead-crane-hook-2-3.webp","width":650,"height":451,"caption":"overhead crane hook"},{"@type":"BreadcrumbList","@id":"https:\/\/www.hankocraneparts.com\/product\/single-crane-hook\/#breadcrumb","itemListElement":[{"@type":"ListItem","position":1,"name":"\u9996\u9875","item":"https:\/\/www.hankocraneparts.com\/"},{"@type":"ListItem","position":2,"name":"\u4ea7\u54c1","item":"https:\/\/www.hankocraneparts.com\/product\/"},{"@type":"ListItem","position":3,"name":"Single Crane Hook"}]},{"@type":"WebSite","@id":"https:\/\/www.hankocraneparts.com\/#website","url":"https:\/\/www.hankocraneparts.com\/","name":"HanKo","description":"","publisher":{"@id":"https:\/\/www.hankocraneparts.com\/#organization"},"potentialAction":[{"@type":"SearchAction","target":{"@type":"EntryPoint","urlTemplate":"https:\/\/www.hankocraneparts.com\/?s={search_term_string}"},"query-input":{"@type":"PropertyValueSpecification","valueRequired":true,"valueName":"search_term_string"}}],"inLanguage":"hu"},{"@type":"Organization","@id":"https:\/\/www.hankocraneparts.com\/#organization","name":"HanKo","url":"https:\/\/www.hankocraneparts.com\/","logo":{"@type":"ImageObject","inLanguage":"hu","@id":"https:\/\/www.hankocraneparts.com\/#\/schema\/logo\/image\/","url":"https:\/\/www.hankocraneparts.com\/wp-content\/uploads\/2025\/08\/LOGO.png","contentUrl":"https:\/\/www.hankocraneparts.com\/wp-content\/uploads\/2025\/08\/LOGO.png","width":394,"height":388,"caption":"HanKo"},"image":{"@id":"https:\/\/www.hankocraneparts.com\/#\/schema\/logo\/image\/"}}]}},"_links":{"self":[{"href":"https:\/\/www.hankocraneparts.com\/hu\/wp-json\/wp\/v2\/product\/3716","targetHints":{"allow":["GET"]}}],"collection":[{"href":"https:\/\/www.hankocraneparts.com\/hu\/wp-json\/wp\/v2\/product"}],"about":[{"href":"https:\/\/www.hankocraneparts.com\/hu\/wp-json\/wp\/v2\/types\/product"}],"version-history":[{"count":2,"href":"https:\/\/www.hankocraneparts.com\/hu\/wp-json\/wp\/v2\/product\/3716\/revisions"}],"predecessor-version":[{"id":4649,"href":"https:\/\/www.hankocraneparts.com\/hu\/wp-json\/wp\/v2\/product\/3716\/revisions\/4649"}],"wp:featuredmedia":[{"embeddable":true,"href":"https:\/\/www.hankocraneparts.com\/hu\/wp-json\/wp\/v2\/media\/3719"}],"wp:attachment":[{"href":"https:\/\/www.hankocraneparts.com\/hu\/wp-json\/wp\/v2\/media?parent=3716"}],"wp:term":[{"taxonomy":"post_tag","embeddable":true,"href":"https:\/\/www.hankocraneparts.com\/hu\/wp-json\/wp\/v2\/tags?post=3716"},{"taxonomy":"product_catagory","embeddable":true,"href":"https:\/\/www.hankocraneparts.com\/hu\/wp-json\/wp\/v2\/product_catagory?post=3716"}],"curies":[{"name":"wp","href":"https:\/\/api.w.org\/{rel}","templated":true}]}}