{"id":3659,"date":"2025-10-23T10:32:24","date_gmt":"2025-10-23T02:32:24","guid":{"rendered":"https:\/\/demo.xxshaoyuantech.xyz\/?post_type=product&#038;p=3659"},"modified":"2026-01-09T16:30:49","modified_gmt":"2026-01-09T08:30:49","slug":"crane-hooks","status":"publish","type":"product","link":"https:\/\/www.hankocraneparts.com\/hu\/product\/crane-hooks\/","title":{"rendered":"Darukamp\u00f3k"},"content":{"rendered":"<p>The crane hooks are forged from high-strength alloy steel and heat-treated for superior durability and load-bearing capacity. Equipped with crane hooks safety latches and optional anti-drop devices, they ensure safe and reliable lifting. Compatible with overhead crane hooks, crane swivel hooks, and crane with 2 hooks, these hooks suit a wide range of lifting scenarios in ports, construction, mining, and metallurgy.<\/p>","protected":false},"featured_media":3662,"template":"","meta":{"_acf_changed":false},"tags":[],"product_catagory":[64],"class_list":["post-3659","product","type-product","status-publish","has-post-thumbnail","hentry","product_catagory-crane-hooks"],"acf":[],"yoast_head":"<!-- This site is optimized with the Yoast SEO plugin v26.7 - https:\/\/yoast.com\/wordpress\/plugins\/seo\/ -->\n<title>Crane Hooks - Hanko<\/title>\n<meta name=\"robots\" content=\"index, follow, max-snippet:-1, max-image-preview:large, max-video-preview:-1\" \/>\n<link rel=\"canonical\" href=\"https:\/\/www.hankocraneparts.com\/hu\/product\/crane-hooks\/\" \/>\n<meta property=\"og:locale\" content=\"hu_HU\" \/>\n<meta property=\"og:type\" content=\"article\" \/>\n<meta property=\"og:title\" content=\"Crane Hooks - Hanko\" \/>\n<meta property=\"og:description\" content=\"The crane hooks are forged from high-strength alloy steel and heat-treated for superior durability and load-bearing capacity. Equipped with crane hooks safety latches and optional anti-drop devices, they ensure safe and reliable lifting. Compatible with overhead crane hooks, crane swivel hooks, and crane with 2 hooks, these hooks suit a wide range of lifting scenarios [&hellip;]\" \/>\n<meta property=\"og:url\" content=\"https:\/\/www.hankocraneparts.com\/hu\/product\/crane-hooks\/\" \/>\n<meta property=\"og:site_name\" content=\"Hanko\" \/>\n<meta property=\"article:modified_time\" content=\"2026-01-09T08:30:49+00:00\" \/>\n<meta property=\"og:image\" content=\"https:\/\/www.hankocraneparts.com\/wp-content\/uploads\/2025\/10\/crane-hook-2.webp\" \/>\n\t<meta property=\"og:image:width\" content=\"650\" \/>\n\t<meta property=\"og:image:height\" content=\"451\" \/>\n\t<meta property=\"og:image:type\" content=\"image\/webp\" \/>\n<meta name=\"twitter:card\" content=\"summary_large_image\" \/>\n<meta name=\"twitter:label1\" content=\"Becs\u00fclt olvas\u00e1si id\u0151\" \/>\n\t<meta name=\"twitter:data1\" content=\"1 perc\" \/>\n<script type=\"application\/ld+json\" class=\"yoast-schema-graph\">{\"@context\":\"https:\/\/schema.org\",\"@graph\":[{\"@type\":\"WebPage\",\"@id\":\"https:\/\/www.hankocraneparts.com\/product\/crane-hooks\/\",\"url\":\"https:\/\/www.hankocraneparts.com\/product\/crane-hooks\/\",\"name\":\"Crane Hooks - Hanko\",\"isPartOf\":{\"@id\":\"https:\/\/www.hankocraneparts.com\/#website\"},\"primaryImageOfPage\":{\"@id\":\"https:\/\/www.hankocraneparts.com\/product\/crane-hooks\/#primaryimage\"},\"image\":{\"@id\":\"https:\/\/www.hankocraneparts.com\/product\/crane-hooks\/#primaryimage\"},\"thumbnailUrl\":\"https:\/\/www.hankocraneparts.com\/wp-content\/uploads\/2025\/10\/crane-hook-2.webp\",\"datePublished\":\"2025-10-23T02:32:24+00:00\",\"dateModified\":\"2026-01-09T08:30:49+00:00\",\"breadcrumb\":{\"@id\":\"https:\/\/www.hankocraneparts.com\/product\/crane-hooks\/#breadcrumb\"},\"inLanguage\":\"hu\",\"potentialAction\":[{\"@type\":\"ReadAction\",\"target\":[\"https:\/\/www.hankocraneparts.com\/product\/crane-hooks\/\"]}]},{\"@type\":\"ImageObject\",\"inLanguage\":\"hu\",\"@id\":\"https:\/\/www.hankocraneparts.com\/product\/crane-hooks\/#primaryimage\",\"url\":\"https:\/\/www.hankocraneparts.com\/wp-content\/uploads\/2025\/10\/crane-hook-2.webp\",\"contentUrl\":\"https:\/\/www.hankocraneparts.com\/wp-content\/uploads\/2025\/10\/crane-hook-2.webp\",\"width\":650,\"height\":451,\"caption\":\"crane hook\"},{\"@type\":\"BreadcrumbList\",\"@id\":\"https:\/\/www.hankocraneparts.com\/product\/crane-hooks\/#breadcrumb\",\"itemListElement\":[{\"@type\":\"ListItem\",\"position\":1,\"name\":\"\u9996\u9875\",\"item\":\"https:\/\/www.hankocraneparts.com\/\"},{\"@type\":\"ListItem\",\"position\":2,\"name\":\"\u4ea7\u54c1\",\"item\":\"https:\/\/www.hankocraneparts.com\/product\/\"},{\"@type\":\"ListItem\",\"position\":3,\"name\":\"Crane Hooks\"}]},{\"@type\":\"WebSite\",\"@id\":\"https:\/\/www.hankocraneparts.com\/#website\",\"url\":\"https:\/\/www.hankocraneparts.com\/\",\"name\":\"HanKo\",\"description\":\"\",\"publisher\":{\"@id\":\"https:\/\/www.hankocraneparts.com\/#organization\"},\"potentialAction\":[{\"@type\":\"SearchAction\",\"target\":{\"@type\":\"EntryPoint\",\"urlTemplate\":\"https:\/\/www.hankocraneparts.com\/?s={search_term_string}\"},\"query-input\":{\"@type\":\"PropertyValueSpecification\",\"valueRequired\":true,\"valueName\":\"search_term_string\"}}],\"inLanguage\":\"hu\"},{\"@type\":\"Organization\",\"@id\":\"https:\/\/www.hankocraneparts.com\/#organization\",\"name\":\"HanKo\",\"url\":\"https:\/\/www.hankocraneparts.com\/\",\"logo\":{\"@type\":\"ImageObject\",\"inLanguage\":\"hu\",\"@id\":\"https:\/\/www.hankocraneparts.com\/#\/schema\/logo\/image\/\",\"url\":\"https:\/\/www.hankocraneparts.com\/wp-content\/uploads\/2025\/08\/LOGO.png\",\"contentUrl\":\"https:\/\/www.hankocraneparts.com\/wp-content\/uploads\/2025\/08\/LOGO.png\",\"width\":394,\"height\":388,\"caption\":\"HanKo\"},\"image\":{\"@id\":\"https:\/\/www.hankocraneparts.com\/#\/schema\/logo\/image\/\"}}]}<\/script>\n<!-- \/ Yoast SEO plugin. -->","yoast_head_json":{"title":"Crane Hooks - Hanko","robots":{"index":"index","follow":"follow","max-snippet":"max-snippet:-1","max-image-preview":"max-image-preview:large","max-video-preview":"max-video-preview:-1"},"canonical":"https:\/\/www.hankocraneparts.com\/hu\/product\/crane-hooks\/","og_locale":"hu_HU","og_type":"article","og_title":"Crane Hooks - Hanko","og_description":"The crane hooks are forged from high-strength alloy steel and heat-treated for superior durability and load-bearing capacity. Equipped with crane hooks safety latches and optional anti-drop devices, they ensure safe and reliable lifting. Compatible with overhead crane hooks, crane swivel hooks, and crane with 2 hooks, these hooks suit a wide range of lifting scenarios [&hellip;]","og_url":"https:\/\/www.hankocraneparts.com\/hu\/product\/crane-hooks\/","og_site_name":"Hanko","article_modified_time":"2026-01-09T08:30:49+00:00","og_image":[{"width":650,"height":451,"url":"https:\/\/www.hankocraneparts.com\/wp-content\/uploads\/2025\/10\/crane-hook-2.webp","type":"image\/webp"}],"twitter_card":"summary_large_image","twitter_misc":{"Becs\u00fclt olvas\u00e1si id\u0151":"1 perc"},"schema":{"@context":"https:\/\/schema.org","@graph":[{"@type":"WebPage","@id":"https:\/\/www.hankocraneparts.com\/product\/crane-hooks\/","url":"https:\/\/www.hankocraneparts.com\/product\/crane-hooks\/","name":"Crane Hooks - Hanko","isPartOf":{"@id":"https:\/\/www.hankocraneparts.com\/#website"},"primaryImageOfPage":{"@id":"https:\/\/www.hankocraneparts.com\/product\/crane-hooks\/#primaryimage"},"image":{"@id":"https:\/\/www.hankocraneparts.com\/product\/crane-hooks\/#primaryimage"},"thumbnailUrl":"https:\/\/www.hankocraneparts.com\/wp-content\/uploads\/2025\/10\/crane-hook-2.webp","datePublished":"2025-10-23T02:32:24+00:00","dateModified":"2026-01-09T08:30:49+00:00","breadcrumb":{"@id":"https:\/\/www.hankocraneparts.com\/product\/crane-hooks\/#breadcrumb"},"inLanguage":"hu","potentialAction":[{"@type":"ReadAction","target":["https:\/\/www.hankocraneparts.com\/product\/crane-hooks\/"]}]},{"@type":"ImageObject","inLanguage":"hu","@id":"https:\/\/www.hankocraneparts.com\/product\/crane-hooks\/#primaryimage","url":"https:\/\/www.hankocraneparts.com\/wp-content\/uploads\/2025\/10\/crane-hook-2.webp","contentUrl":"https:\/\/www.hankocraneparts.com\/wp-content\/uploads\/2025\/10\/crane-hook-2.webp","width":650,"height":451,"caption":"crane hook"},{"@type":"BreadcrumbList","@id":"https:\/\/www.hankocraneparts.com\/product\/crane-hooks\/#breadcrumb","itemListElement":[{"@type":"ListItem","position":1,"name":"\u9996\u9875","item":"https:\/\/www.hankocraneparts.com\/"},{"@type":"ListItem","position":2,"name":"\u4ea7\u54c1","item":"https:\/\/www.hankocraneparts.com\/product\/"},{"@type":"ListItem","position":3,"name":"Crane Hooks"}]},{"@type":"WebSite","@id":"https:\/\/www.hankocraneparts.com\/#website","url":"https:\/\/www.hankocraneparts.com\/","name":"HanKo","description":"","publisher":{"@id":"https:\/\/www.hankocraneparts.com\/#organization"},"potentialAction":[{"@type":"SearchAction","target":{"@type":"EntryPoint","urlTemplate":"https:\/\/www.hankocraneparts.com\/?s={search_term_string}"},"query-input":{"@type":"PropertyValueSpecification","valueRequired":true,"valueName":"search_term_string"}}],"inLanguage":"hu"},{"@type":"Organization","@id":"https:\/\/www.hankocraneparts.com\/#organization","name":"HanKo","url":"https:\/\/www.hankocraneparts.com\/","logo":{"@type":"ImageObject","inLanguage":"hu","@id":"https:\/\/www.hankocraneparts.com\/#\/schema\/logo\/image\/","url":"https:\/\/www.hankocraneparts.com\/wp-content\/uploads\/2025\/08\/LOGO.png","contentUrl":"https:\/\/www.hankocraneparts.com\/wp-content\/uploads\/2025\/08\/LOGO.png","width":394,"height":388,"caption":"HanKo"},"image":{"@id":"https:\/\/www.hankocraneparts.com\/#\/schema\/logo\/image\/"}}]}},"_links":{"self":[{"href":"https:\/\/www.hankocraneparts.com\/hu\/wp-json\/wp\/v2\/product\/3659","targetHints":{"allow":["GET"]}}],"collection":[{"href":"https:\/\/www.hankocraneparts.com\/hu\/wp-json\/wp\/v2\/product"}],"about":[{"href":"https:\/\/www.hankocraneparts.com\/hu\/wp-json\/wp\/v2\/types\/product"}],"version-history":[{"count":2,"href":"https:\/\/www.hankocraneparts.com\/hu\/wp-json\/wp\/v2\/product\/3659\/revisions"}],"predecessor-version":[{"id":4643,"href":"https:\/\/www.hankocraneparts.com\/hu\/wp-json\/wp\/v2\/product\/3659\/revisions\/4643"}],"wp:featuredmedia":[{"embeddable":true,"href":"https:\/\/www.hankocraneparts.com\/hu\/wp-json\/wp\/v2\/media\/3662"}],"wp:attachment":[{"href":"https:\/\/www.hankocraneparts.com\/hu\/wp-json\/wp\/v2\/media?parent=3659"}],"wp:term":[{"taxonomy":"post_tag","embeddable":true,"href":"https:\/\/www.hankocraneparts.com\/hu\/wp-json\/wp\/v2\/tags?post=3659"},{"taxonomy":"product_catagory","embeddable":true,"href":"https:\/\/www.hankocraneparts.com\/hu\/wp-json\/wp\/v2\/product_catagory?post=3659"}],"curies":[{"name":"wp","href":"https:\/\/api.w.org\/{rel}","templated":true}]}}