{"id":3058,"date":"2025-10-09T14:04:12","date_gmt":"2025-10-09T06:04:12","guid":{"rendered":"https:\/\/demo.xxshaoyuantech.xyz\/?post_type=product&#038;p=3058"},"modified":"2026-01-09T16:00:54","modified_gmt":"2026-01-09T08:00:54","slug":"crane-hook-types","status":"publish","type":"product","link":"https:\/\/www.hankocraneparts.com\/hu\/product\/crane-hook-types\/","title":{"rendered":"Darukamp\u00f3 T\u00edpusok"},"content":{"rendered":"<p>Crane hook types are forged from high-strength alloy steel with heat treatment, ensuring excellent load capacity and wear resistance. Each hook is tested for safety and durability. Compatible with overhead, mobile, and tower crane hook types, these hooks provide reliable and efficient lifting for construction, ports, mining, and industry.<\/p>","protected":false},"featured_media":3072,"template":"","meta":{"_acf_changed":false},"tags":[76,67,75,74,69,79,66,78,83,82,80,81,71,72,70,73,77,68],"product_catagory":[64],"class_list":["post-3058","product","type-product","status-publish","has-post-thumbnail","hentry","tag-crane-chain-hook-types","tag-crane-hook","tag-crane-hook-latch-types","tag-crane-hook-material-types","tag-crane-hook-parts-name","tag-crane-hook-specifications","tag-crane-hook-types","tag-crane-hook-types-names","tag-crane-lifting-hook-types","tag-different-types-of-crane-hook","tag-eot-crane-hook-types","tag-heavy-duty-crane-hook-types","tag-mobile-crane-hook-types","tag-overhead-crane-hook-types","tag-ramshorn-hook","tag-tower-crane-hook-types","tag-types-of-crane-hook-block","tag-types-of-crane-hooks-pdf","product_catagory-crane-hooks"],"acf":[],"yoast_head":"<!-- This site is optimized with the Yoast SEO plugin v26.7 - https:\/\/yoast.com\/wordpress\/plugins\/seo\/ -->\n<title>Crane Hook Types - Hanko<\/title>\n<meta name=\"robots\" content=\"index, follow, max-snippet:-1, max-image-preview:large, max-video-preview:-1\" \/>\n<link rel=\"canonical\" href=\"https:\/\/www.hankocraneparts.com\/hu\/product\/crane-hook-types\/\" \/>\n<meta property=\"og:locale\" content=\"hu_HU\" \/>\n<meta property=\"og:type\" content=\"article\" \/>\n<meta property=\"og:title\" content=\"Crane Hook Types - Hanko\" \/>\n<meta property=\"og:description\" content=\"Crane hook types are forged from high-strength alloy steel with heat treatment, ensuring excellent load capacity and wear resistance. Each hook is tested for safety and durability. Compatible with overhead, mobile, and tower crane hook types, these hooks provide reliable and efficient lifting for construction, ports, mining, and industry.\" \/>\n<meta property=\"og:url\" content=\"https:\/\/www.hankocraneparts.com\/hu\/product\/crane-hook-types\/\" \/>\n<meta property=\"og:site_name\" content=\"Hanko\" \/>\n<meta property=\"article:modified_time\" content=\"2026-01-09T08:00:54+00:00\" \/>\n<meta property=\"og:image\" content=\"https:\/\/www.hankocraneparts.com\/wp-content\/uploads\/2025\/10\/crane-hook-block.jpg\" \/>\n\t<meta property=\"og:image:width\" content=\"650\" \/>\n\t<meta property=\"og:image:height\" content=\"451\" \/>\n\t<meta property=\"og:image:type\" content=\"image\/jpeg\" \/>\n<meta name=\"twitter:card\" content=\"summary_large_image\" \/>\n<meta name=\"twitter:label1\" content=\"Becs\u00fclt olvas\u00e1si id\u0151\" \/>\n\t<meta name=\"twitter:data1\" content=\"1 perc\" \/>\n<script type=\"application\/ld+json\" class=\"yoast-schema-graph\">{\"@context\":\"https:\/\/schema.org\",\"@graph\":[{\"@type\":\"WebPage\",\"@id\":\"https:\/\/www.hankocraneparts.com\/product\/crane-hook-types\/\",\"url\":\"https:\/\/www.hankocraneparts.com\/product\/crane-hook-types\/\",\"name\":\"Crane Hook Types - Hanko\",\"isPartOf\":{\"@id\":\"https:\/\/www.hankocraneparts.com\/#website\"},\"primaryImageOfPage\":{\"@id\":\"https:\/\/www.hankocraneparts.com\/product\/crane-hook-types\/#primaryimage\"},\"image\":{\"@id\":\"https:\/\/www.hankocraneparts.com\/product\/crane-hook-types\/#primaryimage\"},\"thumbnailUrl\":\"https:\/\/www.hankocraneparts.com\/wp-content\/uploads\/2025\/10\/crane-hook-block.jpg\",\"datePublished\":\"2025-10-09T06:04:12+00:00\",\"dateModified\":\"2026-01-09T08:00:54+00:00\",\"breadcrumb\":{\"@id\":\"https:\/\/www.hankocraneparts.com\/product\/crane-hook-types\/#breadcrumb\"},\"inLanguage\":\"hu\",\"potentialAction\":[{\"@type\":\"ReadAction\",\"target\":[\"https:\/\/www.hankocraneparts.com\/product\/crane-hook-types\/\"]}]},{\"@type\":\"ImageObject\",\"inLanguage\":\"hu\",\"@id\":\"https:\/\/www.hankocraneparts.com\/product\/crane-hook-types\/#primaryimage\",\"url\":\"https:\/\/www.hankocraneparts.com\/wp-content\/uploads\/2025\/10\/crane-hook-block.jpg\",\"contentUrl\":\"https:\/\/www.hankocraneparts.com\/wp-content\/uploads\/2025\/10\/crane-hook-block.jpg\",\"width\":650,\"height\":451},{\"@type\":\"BreadcrumbList\",\"@id\":\"https:\/\/www.hankocraneparts.com\/product\/crane-hook-types\/#breadcrumb\",\"itemListElement\":[{\"@type\":\"ListItem\",\"position\":1,\"name\":\"\u9996\u9875\",\"item\":\"https:\/\/www.hankocraneparts.com\/\"},{\"@type\":\"ListItem\",\"position\":2,\"name\":\"\u4ea7\u54c1\",\"item\":\"https:\/\/www.hankocraneparts.com\/product\/\"},{\"@type\":\"ListItem\",\"position\":3,\"name\":\"Crane Hook Types\"}]},{\"@type\":\"WebSite\",\"@id\":\"https:\/\/www.hankocraneparts.com\/#website\",\"url\":\"https:\/\/www.hankocraneparts.com\/\",\"name\":\"HanKo\",\"description\":\"\",\"publisher\":{\"@id\":\"https:\/\/www.hankocraneparts.com\/#organization\"},\"potentialAction\":[{\"@type\":\"SearchAction\",\"target\":{\"@type\":\"EntryPoint\",\"urlTemplate\":\"https:\/\/www.hankocraneparts.com\/?s={search_term_string}\"},\"query-input\":{\"@type\":\"PropertyValueSpecification\",\"valueRequired\":true,\"valueName\":\"search_term_string\"}}],\"inLanguage\":\"hu\"},{\"@type\":\"Organization\",\"@id\":\"https:\/\/www.hankocraneparts.com\/#organization\",\"name\":\"HanKo\",\"url\":\"https:\/\/www.hankocraneparts.com\/\",\"logo\":{\"@type\":\"ImageObject\",\"inLanguage\":\"hu\",\"@id\":\"https:\/\/www.hankocraneparts.com\/#\/schema\/logo\/image\/\",\"url\":\"https:\/\/www.hankocraneparts.com\/wp-content\/uploads\/2025\/08\/LOGO.png\",\"contentUrl\":\"https:\/\/www.hankocraneparts.com\/wp-content\/uploads\/2025\/08\/LOGO.png\",\"width\":394,\"height\":388,\"caption\":\"HanKo\"},\"image\":{\"@id\":\"https:\/\/www.hankocraneparts.com\/#\/schema\/logo\/image\/\"}}]}<\/script>\n<!-- \/ Yoast SEO plugin. -->","yoast_head_json":{"title":"Crane Hook Types - Hanko","robots":{"index":"index","follow":"follow","max-snippet":"max-snippet:-1","max-image-preview":"max-image-preview:large","max-video-preview":"max-video-preview:-1"},"canonical":"https:\/\/www.hankocraneparts.com\/hu\/product\/crane-hook-types\/","og_locale":"hu_HU","og_type":"article","og_title":"Crane Hook Types - Hanko","og_description":"Crane hook types are forged from high-strength alloy steel with heat treatment, ensuring excellent load capacity and wear resistance. Each hook is tested for safety and durability. Compatible with overhead, mobile, and tower crane hook types, these hooks provide reliable and efficient lifting for construction, ports, mining, and industry.","og_url":"https:\/\/www.hankocraneparts.com\/hu\/product\/crane-hook-types\/","og_site_name":"Hanko","article_modified_time":"2026-01-09T08:00:54+00:00","og_image":[{"width":650,"height":451,"url":"https:\/\/www.hankocraneparts.com\/wp-content\/uploads\/2025\/10\/crane-hook-block.jpg","type":"image\/jpeg"}],"twitter_card":"summary_large_image","twitter_misc":{"Becs\u00fclt olvas\u00e1si id\u0151":"1 perc"},"schema":{"@context":"https:\/\/schema.org","@graph":[{"@type":"WebPage","@id":"https:\/\/www.hankocraneparts.com\/product\/crane-hook-types\/","url":"https:\/\/www.hankocraneparts.com\/product\/crane-hook-types\/","name":"Crane Hook Types - Hanko","isPartOf":{"@id":"https:\/\/www.hankocraneparts.com\/#website"},"primaryImageOfPage":{"@id":"https:\/\/www.hankocraneparts.com\/product\/crane-hook-types\/#primaryimage"},"image":{"@id":"https:\/\/www.hankocraneparts.com\/product\/crane-hook-types\/#primaryimage"},"thumbnailUrl":"https:\/\/www.hankocraneparts.com\/wp-content\/uploads\/2025\/10\/crane-hook-block.jpg","datePublished":"2025-10-09T06:04:12+00:00","dateModified":"2026-01-09T08:00:54+00:00","breadcrumb":{"@id":"https:\/\/www.hankocraneparts.com\/product\/crane-hook-types\/#breadcrumb"},"inLanguage":"hu","potentialAction":[{"@type":"ReadAction","target":["https:\/\/www.hankocraneparts.com\/product\/crane-hook-types\/"]}]},{"@type":"ImageObject","inLanguage":"hu","@id":"https:\/\/www.hankocraneparts.com\/product\/crane-hook-types\/#primaryimage","url":"https:\/\/www.hankocraneparts.com\/wp-content\/uploads\/2025\/10\/crane-hook-block.jpg","contentUrl":"https:\/\/www.hankocraneparts.com\/wp-content\/uploads\/2025\/10\/crane-hook-block.jpg","width":650,"height":451},{"@type":"BreadcrumbList","@id":"https:\/\/www.hankocraneparts.com\/product\/crane-hook-types\/#breadcrumb","itemListElement":[{"@type":"ListItem","position":1,"name":"\u9996\u9875","item":"https:\/\/www.hankocraneparts.com\/"},{"@type":"ListItem","position":2,"name":"\u4ea7\u54c1","item":"https:\/\/www.hankocraneparts.com\/product\/"},{"@type":"ListItem","position":3,"name":"Crane Hook Types"}]},{"@type":"WebSite","@id":"https:\/\/www.hankocraneparts.com\/#website","url":"https:\/\/www.hankocraneparts.com\/","name":"HanKo","description":"","publisher":{"@id":"https:\/\/www.hankocraneparts.com\/#organization"},"potentialAction":[{"@type":"SearchAction","target":{"@type":"EntryPoint","urlTemplate":"https:\/\/www.hankocraneparts.com\/?s={search_term_string}"},"query-input":{"@type":"PropertyValueSpecification","valueRequired":true,"valueName":"search_term_string"}}],"inLanguage":"hu"},{"@type":"Organization","@id":"https:\/\/www.hankocraneparts.com\/#organization","name":"HanKo","url":"https:\/\/www.hankocraneparts.com\/","logo":{"@type":"ImageObject","inLanguage":"hu","@id":"https:\/\/www.hankocraneparts.com\/#\/schema\/logo\/image\/","url":"https:\/\/www.hankocraneparts.com\/wp-content\/uploads\/2025\/08\/LOGO.png","contentUrl":"https:\/\/www.hankocraneparts.com\/wp-content\/uploads\/2025\/08\/LOGO.png","width":394,"height":388,"caption":"HanKo"},"image":{"@id":"https:\/\/www.hankocraneparts.com\/#\/schema\/logo\/image\/"}}]}},"_links":{"self":[{"href":"https:\/\/www.hankocraneparts.com\/hu\/wp-json\/wp\/v2\/product\/3058","targetHints":{"allow":["GET"]}}],"collection":[{"href":"https:\/\/www.hankocraneparts.com\/hu\/wp-json\/wp\/v2\/product"}],"about":[{"href":"https:\/\/www.hankocraneparts.com\/hu\/wp-json\/wp\/v2\/types\/product"}],"version-history":[{"count":5,"href":"https:\/\/www.hankocraneparts.com\/hu\/wp-json\/wp\/v2\/product\/3058\/revisions"}],"predecessor-version":[{"id":4609,"href":"https:\/\/www.hankocraneparts.com\/hu\/wp-json\/wp\/v2\/product\/3058\/revisions\/4609"}],"wp:featuredmedia":[{"embeddable":true,"href":"https:\/\/www.hankocraneparts.com\/hu\/wp-json\/wp\/v2\/media\/3072"}],"wp:attachment":[{"href":"https:\/\/www.hankocraneparts.com\/hu\/wp-json\/wp\/v2\/media?parent=3058"}],"wp:term":[{"taxonomy":"post_tag","embeddable":true,"href":"https:\/\/www.hankocraneparts.com\/hu\/wp-json\/wp\/v2\/tags?post=3058"},{"taxonomy":"product_catagory","embeddable":true,"href":"https:\/\/www.hankocraneparts.com\/hu\/wp-json\/wp\/v2\/product_catagory?post=3058"}],"curies":[{"name":"wp","href":"https:\/\/api.w.org\/{rel}","templated":true}]}}