{"id":3538,"date":"2025-10-17T13:33:20","date_gmt":"2025-10-17T05:33:20","guid":{"rendered":"https:\/\/demo.xxshaoyuantech.xyz\/?post_type=product&#038;p=3538"},"modified":"2026-01-09T16:27:10","modified_gmt":"2026-01-09T08:27:10","slug":"crane-hoist-gearbox","status":"publish","type":"product","link":"https:\/\/www.hankocraneparts.com\/es\/product\/crane-hoist-gearbox\/","title":{"rendered":"Caja de engranajes de gr\u00faa"},"content":{"rendered":"<p>La caja de engranajes del polipasto de gr\u00faa es la principal unidad de transmisi\u00f3n de los sistemas de elevaci\u00f3n. Convierte la velocidad del motor en par, garantizando un funcionamiento suave y seguro. Tanto si se aplica como caja de engranajes de polipasto de gr\u00faa EOT, caja de engranajes de polipasto de gr\u00faa puente o caja de engranajes de polipasto de gr\u00faa torre, ofrece un rendimiento estable bajo cargas pesadas. Fabricada en acero aleado con engranajes rectificados con precisi\u00f3n, resiste el desgaste y reduce el ruido. Para trabajos exigentes, la caja de engranajes de polipasto principal de gr\u00faa y la caja de engranajes de polipasto principal de gr\u00faa EOT proporcionan un soporte de par fiable y una larga vida \u00fatil.<\/p>","protected":false},"featured_media":3539,"template":"","meta":{"_acf_changed":false},"tags":[],"product_catagory":[88],"class_list":["post-3538","product","type-product","status-publish","has-post-thumbnail","hentry","product_catagory-crane-gearbox"],"acf":[],"yoast_head":"<!-- This site is optimized with the Yoast SEO plugin v27.4 - https:\/\/yoast.com\/product\/yoast-seo-wordpress\/ -->\n<title>Crane Hoist Gearbox - Hanko<\/title>\n<meta name=\"robots\" content=\"index, follow, max-snippet:-1, max-image-preview:large, max-video-preview:-1\" \/>\n<link rel=\"canonical\" href=\"https:\/\/www.hankocraneparts.com\/es\/product\/crane-hoist-gearbox\/\" \/>\n<meta property=\"og:locale\" content=\"es_ES\" \/>\n<meta property=\"og:type\" content=\"article\" \/>\n<meta property=\"og:title\" content=\"Crane Hoist Gearbox - Hanko\" \/>\n<meta property=\"og:description\" content=\"The crane hoist gearbox is the core transmission unit for lifting systems. It converts motor speed into torque, ensuring smooth and safe operations. Whether applied as an EOT crane hoist gearbox, an overhead crane hoist gearbox, or a gearbox hoist tower crane, it delivers stable performance under heavy loads. Made from alloy steel with precision [&hellip;]\" \/>\n<meta property=\"og:url\" content=\"https:\/\/www.hankocraneparts.com\/es\/product\/crane-hoist-gearbox\/\" \/>\n<meta property=\"og:site_name\" content=\"Hanko\" \/>\n<meta property=\"article:modified_time\" content=\"2026-01-09T08:27:10+00:00\" \/>\n<meta property=\"og:image\" content=\"https:\/\/www.hankocraneparts.com\/wp-content\/uploads\/2025\/10\/crane-hoist-gearbox.jpg\" \/>\n\t<meta property=\"og:image:width\" content=\"650\" \/>\n\t<meta property=\"og:image:height\" content=\"451\" \/>\n\t<meta property=\"og:image:type\" content=\"image\/jpeg\" \/>\n<meta name=\"twitter:card\" content=\"summary_large_image\" \/>\n<meta name=\"twitter:label1\" content=\"Tiempo de lectura\" \/>\n\t<meta name=\"twitter:data1\" content=\"1 minuto\" \/>\n<script type=\"application\/ld+json\" class=\"yoast-schema-graph\">{\"@context\":\"https:\\\/\\\/schema.org\",\"@graph\":[{\"@type\":\"WebPage\",\"@id\":\"https:\\\/\\\/www.hankocraneparts.com\\\/product\\\/crane-hoist-gearbox\\\/\",\"url\":\"https:\\\/\\\/www.hankocraneparts.com\\\/product\\\/crane-hoist-gearbox\\\/\",\"name\":\"Crane Hoist Gearbox - Hanko\",\"isPartOf\":{\"@id\":\"https:\\\/\\\/www.hankocraneparts.com\\\/#website\"},\"primaryImageOfPage\":{\"@id\":\"https:\\\/\\\/www.hankocraneparts.com\\\/product\\\/crane-hoist-gearbox\\\/#primaryimage\"},\"image\":{\"@id\":\"https:\\\/\\\/www.hankocraneparts.com\\\/product\\\/crane-hoist-gearbox\\\/#primaryimage\"},\"thumbnailUrl\":\"https:\\\/\\\/www.hankocraneparts.com\\\/wp-content\\\/uploads\\\/2025\\\/10\\\/crane-hoist-gearbox.jpg\",\"datePublished\":\"2025-10-17T05:33:20+00:00\",\"dateModified\":\"2026-01-09T08:27:10+00:00\",\"breadcrumb\":{\"@id\":\"https:\\\/\\\/www.hankocraneparts.com\\\/product\\\/crane-hoist-gearbox\\\/#breadcrumb\"},\"inLanguage\":\"es\",\"potentialAction\":[{\"@type\":\"ReadAction\",\"target\":[\"https:\\\/\\\/www.hankocraneparts.com\\\/product\\\/crane-hoist-gearbox\\\/\"]}]},{\"@type\":\"ImageObject\",\"inLanguage\":\"es\",\"@id\":\"https:\\\/\\\/www.hankocraneparts.com\\\/product\\\/crane-hoist-gearbox\\\/#primaryimage\",\"url\":\"https:\\\/\\\/www.hankocraneparts.com\\\/wp-content\\\/uploads\\\/2025\\\/10\\\/crane-hoist-gearbox.jpg\",\"contentUrl\":\"https:\\\/\\\/www.hankocraneparts.com\\\/wp-content\\\/uploads\\\/2025\\\/10\\\/crane-hoist-gearbox.jpg\",\"width\":650,\"height\":451},{\"@type\":\"BreadcrumbList\",\"@id\":\"https:\\\/\\\/www.hankocraneparts.com\\\/product\\\/crane-hoist-gearbox\\\/#breadcrumb\",\"itemListElement\":[{\"@type\":\"ListItem\",\"position\":1,\"name\":\"\u9996\u9875\",\"item\":\"https:\\\/\\\/www.hankocraneparts.com\\\/\"},{\"@type\":\"ListItem\",\"position\":2,\"name\":\"\u4ea7\u54c1\",\"item\":\"https:\\\/\\\/www.hankocraneparts.com\\\/product\\\/\"},{\"@type\":\"ListItem\",\"position\":3,\"name\":\"Crane Hoist Gearbox\"}]},{\"@type\":\"WebSite\",\"@id\":\"https:\\\/\\\/www.hankocraneparts.com\\\/#website\",\"url\":\"https:\\\/\\\/www.hankocraneparts.com\\\/\",\"name\":\"HanKo\",\"description\":\"\",\"publisher\":{\"@id\":\"https:\\\/\\\/www.hankocraneparts.com\\\/#organization\"},\"potentialAction\":[{\"@type\":\"SearchAction\",\"target\":{\"@type\":\"EntryPoint\",\"urlTemplate\":\"https:\\\/\\\/www.hankocraneparts.com\\\/?s={search_term_string}\"},\"query-input\":{\"@type\":\"PropertyValueSpecification\",\"valueRequired\":true,\"valueName\":\"search_term_string\"}}],\"inLanguage\":\"es\"},{\"@type\":\"Organization\",\"@id\":\"https:\\\/\\\/www.hankocraneparts.com\\\/#organization\",\"name\":\"HanKo\",\"url\":\"https:\\\/\\\/www.hankocraneparts.com\\\/\",\"logo\":{\"@type\":\"ImageObject\",\"inLanguage\":\"es\",\"@id\":\"https:\\\/\\\/www.hankocraneparts.com\\\/#\\\/schema\\\/logo\\\/image\\\/\",\"url\":\"https:\\\/\\\/www.hankocraneparts.com\\\/wp-content\\\/uploads\\\/2025\\\/08\\\/LOGO.png\",\"contentUrl\":\"https:\\\/\\\/www.hankocraneparts.com\\\/wp-content\\\/uploads\\\/2025\\\/08\\\/LOGO.png\",\"width\":394,\"height\":388,\"caption\":\"HanKo\"},\"image\":{\"@id\":\"https:\\\/\\\/www.hankocraneparts.com\\\/#\\\/schema\\\/logo\\\/image\\\/\"}}]}<\/script>\n<!-- \/ Yoast SEO plugin. -->","yoast_head_json":{"title":"Crane Hoist Gearbox - Hanko","robots":{"index":"index","follow":"follow","max-snippet":"max-snippet:-1","max-image-preview":"max-image-preview:large","max-video-preview":"max-video-preview:-1"},"canonical":"https:\/\/www.hankocraneparts.com\/es\/product\/crane-hoist-gearbox\/","og_locale":"es_ES","og_type":"article","og_title":"Crane Hoist Gearbox - Hanko","og_description":"The crane hoist gearbox is the core transmission unit for lifting systems. It converts motor speed into torque, ensuring smooth and safe operations. Whether applied as an EOT crane hoist gearbox, an overhead crane hoist gearbox, or a gearbox hoist tower crane, it delivers stable performance under heavy loads. Made from alloy steel with precision [&hellip;]","og_url":"https:\/\/www.hankocraneparts.com\/es\/product\/crane-hoist-gearbox\/","og_site_name":"Hanko","article_modified_time":"2026-01-09T08:27:10+00:00","og_image":[{"width":650,"height":451,"url":"https:\/\/www.hankocraneparts.com\/wp-content\/uploads\/2025\/10\/crane-hoist-gearbox.jpg","type":"image\/jpeg"}],"twitter_card":"summary_large_image","twitter_misc":{"Tiempo de lectura":"1 minuto"},"schema":{"@context":"https:\/\/schema.org","@graph":[{"@type":"WebPage","@id":"https:\/\/www.hankocraneparts.com\/product\/crane-hoist-gearbox\/","url":"https:\/\/www.hankocraneparts.com\/product\/crane-hoist-gearbox\/","name":"Crane Hoist Gearbox - Hanko","isPartOf":{"@id":"https:\/\/www.hankocraneparts.com\/#website"},"primaryImageOfPage":{"@id":"https:\/\/www.hankocraneparts.com\/product\/crane-hoist-gearbox\/#primaryimage"},"image":{"@id":"https:\/\/www.hankocraneparts.com\/product\/crane-hoist-gearbox\/#primaryimage"},"thumbnailUrl":"https:\/\/www.hankocraneparts.com\/wp-content\/uploads\/2025\/10\/crane-hoist-gearbox.jpg","datePublished":"2025-10-17T05:33:20+00:00","dateModified":"2026-01-09T08:27:10+00:00","breadcrumb":{"@id":"https:\/\/www.hankocraneparts.com\/product\/crane-hoist-gearbox\/#breadcrumb"},"inLanguage":"es","potentialAction":[{"@type":"ReadAction","target":["https:\/\/www.hankocraneparts.com\/product\/crane-hoist-gearbox\/"]}]},{"@type":"ImageObject","inLanguage":"es","@id":"https:\/\/www.hankocraneparts.com\/product\/crane-hoist-gearbox\/#primaryimage","url":"https:\/\/www.hankocraneparts.com\/wp-content\/uploads\/2025\/10\/crane-hoist-gearbox.jpg","contentUrl":"https:\/\/www.hankocraneparts.com\/wp-content\/uploads\/2025\/10\/crane-hoist-gearbox.jpg","width":650,"height":451},{"@type":"BreadcrumbList","@id":"https:\/\/www.hankocraneparts.com\/product\/crane-hoist-gearbox\/#breadcrumb","itemListElement":[{"@type":"ListItem","position":1,"name":"\u9996\u9875","item":"https:\/\/www.hankocraneparts.com\/"},{"@type":"ListItem","position":2,"name":"\u4ea7\u54c1","item":"https:\/\/www.hankocraneparts.com\/product\/"},{"@type":"ListItem","position":3,"name":"Crane Hoist Gearbox"}]},{"@type":"WebSite","@id":"https:\/\/www.hankocraneparts.com\/#website","url":"https:\/\/www.hankocraneparts.com\/","name":"HanKo","description":"","publisher":{"@id":"https:\/\/www.hankocraneparts.com\/#organization"},"potentialAction":[{"@type":"SearchAction","target":{"@type":"EntryPoint","urlTemplate":"https:\/\/www.hankocraneparts.com\/?s={search_term_string}"},"query-input":{"@type":"PropertyValueSpecification","valueRequired":true,"valueName":"search_term_string"}}],"inLanguage":"es"},{"@type":"Organization","@id":"https:\/\/www.hankocraneparts.com\/#organization","name":"HanKo","url":"https:\/\/www.hankocraneparts.com\/","logo":{"@type":"ImageObject","inLanguage":"es","@id":"https:\/\/www.hankocraneparts.com\/#\/schema\/logo\/image\/","url":"https:\/\/www.hankocraneparts.com\/wp-content\/uploads\/2025\/08\/LOGO.png","contentUrl":"https:\/\/www.hankocraneparts.com\/wp-content\/uploads\/2025\/08\/LOGO.png","width":394,"height":388,"caption":"HanKo"},"image":{"@id":"https:\/\/www.hankocraneparts.com\/#\/schema\/logo\/image\/"}}]}},"_links":{"self":[{"href":"https:\/\/www.hankocraneparts.com\/es\/wp-json\/wp\/v2\/product\/3538","targetHints":{"allow":["GET"]}}],"collection":[{"href":"https:\/\/www.hankocraneparts.com\/es\/wp-json\/wp\/v2\/product"}],"about":[{"href":"https:\/\/www.hankocraneparts.com\/es\/wp-json\/wp\/v2\/types\/product"}],"version-history":[{"count":3,"href":"https:\/\/www.hankocraneparts.com\/es\/wp-json\/wp\/v2\/product\/3538\/revisions"}],"predecessor-version":[{"id":4639,"href":"https:\/\/www.hankocraneparts.com\/es\/wp-json\/wp\/v2\/product\/3538\/revisions\/4639"}],"wp:featuredmedia":[{"embeddable":true,"href":"https:\/\/www.hankocraneparts.com\/es\/wp-json\/wp\/v2\/media\/3539"}],"wp:attachment":[{"href":"https:\/\/www.hankocraneparts.com\/es\/wp-json\/wp\/v2\/media?parent=3538"}],"wp:term":[{"taxonomy":"post_tag","embeddable":true,"href":"https:\/\/www.hankocraneparts.com\/es\/wp-json\/wp\/v2\/tags?post=3538"},{"taxonomy":"product_catagory","embeddable":true,"href":"https:\/\/www.hankocraneparts.com\/es\/wp-json\/wp\/v2\/product_catagory?post=3538"}],"curies":[{"name":"wp","href":"https:\/\/api.w.org\/{rel}","templated":true}]}}