{"id":3496,"date":"2025-10-17T10:08:13","date_gmt":"2025-10-17T02:08:13","guid":{"rendered":"https:\/\/demo.xxshaoyuantech.xyz\/?post_type=product&#038;p=3496"},"modified":"2026-04-24T11:40:21","modified_gmt":"2026-04-24T03:40:21","slug":"crane-brake-assembly","status":"publish","type":"product","link":"https:\/\/www.hankocraneparts.com\/es\/product\/crane-brake-assembly\/","title":{"rendered":"Conjunto de freno de gr\u00faa"},"content":{"rendered":"<p>1.Cumple plenamente las normas de seguridad CE, ISO y GB.<\/p>\n<p>2.OEM\/ODM personalizaci\u00f3n disponible para diferentes marcas y modelos de gr\u00faas.<\/p>\n<p>3.Cada unidad de conjunto de freno de gr\u00faa se somete a calibraci\u00f3n de par y pruebas de funcionamiento antes del env\u00edo.<\/p>\n<p>4.Entrega r\u00e1pida y servicio de asistencia completo, incluidos frenos de gr\u00faa de repuesto y piezas de recambio.<\/p>","protected":false},"featured_media":3500,"template":"","meta":{"_acf_changed":false},"tags":[],"product_catagory":[87],"class_list":["post-3496","product","type-product","status-publish","has-post-thumbnail","hentry","product_catagory-crane-brake"],"acf":[],"yoast_head":"<!-- This site is optimized with the Yoast SEO plugin v27.4 - https:\/\/yoast.com\/product\/yoast-seo-wordpress\/ -->\n<title>Crane Brake Assembly - Hanko<\/title>\n<meta name=\"description\" content=\"Crane brake assembly provides reliable deceleration, holding, and emergency braking for safe and stable crane operation.\" \/>\n<meta name=\"robots\" content=\"index, follow, max-snippet:-1, max-image-preview:large, max-video-preview:-1\" \/>\n<link rel=\"canonical\" href=\"https:\/\/www.hankocraneparts.com\/es\/product\/crane-brake-assembly\/\" \/>\n<meta property=\"og:locale\" content=\"es_ES\" \/>\n<meta property=\"og:type\" content=\"article\" \/>\n<meta property=\"og:title\" content=\"Crane Brake Assembly - Hanko\" \/>\n<meta property=\"og:description\" content=\"Crane brake assembly provides reliable deceleration, holding, and emergency braking for safe and stable crane operation.\" \/>\n<meta property=\"og:url\" content=\"https:\/\/www.hankocraneparts.com\/es\/product\/crane-brake-assembly\/\" \/>\n<meta property=\"og:site_name\" content=\"Hanko\" \/>\n<meta property=\"article:modified_time\" content=\"2026-04-24T03:40:21+00:00\" \/>\n<meta property=\"og:image\" content=\"https:\/\/www.hankocraneparts.com\/wp-content\/uploads\/2025\/10\/overhead-crane-brake-assembly.jpeg\" \/>\n\t<meta property=\"og:image:width\" content=\"640\" \/>\n\t<meta property=\"og:image:height\" content=\"640\" \/>\n\t<meta property=\"og:image:type\" content=\"image\/jpeg\" \/>\n<meta name=\"twitter:card\" content=\"summary_large_image\" \/>\n<meta name=\"twitter:label1\" content=\"Tiempo de lectura\" \/>\n\t<meta name=\"twitter:data1\" content=\"1 minuto\" \/>\n<script type=\"application\/ld+json\" class=\"yoast-schema-graph\">{\"@context\":\"https:\\\/\\\/schema.org\",\"@graph\":[{\"@type\":\"WebPage\",\"@id\":\"https:\\\/\\\/www.hankocraneparts.com\\\/product\\\/crane-brake-assembly\\\/\",\"url\":\"https:\\\/\\\/www.hankocraneparts.com\\\/product\\\/crane-brake-assembly\\\/\",\"name\":\"Crane Brake Assembly - Hanko\",\"isPartOf\":{\"@id\":\"https:\\\/\\\/www.hankocraneparts.com\\\/#website\"},\"primaryImageOfPage\":{\"@id\":\"https:\\\/\\\/www.hankocraneparts.com\\\/product\\\/crane-brake-assembly\\\/#primaryimage\"},\"image\":{\"@id\":\"https:\\\/\\\/www.hankocraneparts.com\\\/product\\\/crane-brake-assembly\\\/#primaryimage\"},\"thumbnailUrl\":\"https:\\\/\\\/www.hankocraneparts.com\\\/wp-content\\\/uploads\\\/2025\\\/10\\\/overhead-crane-brake-assembly.jpeg\",\"datePublished\":\"2025-10-17T02:08:13+00:00\",\"dateModified\":\"2026-04-24T03:40:21+00:00\",\"description\":\"Crane brake assembly provides reliable deceleration, holding, and emergency braking for safe and stable crane operation.\",\"breadcrumb\":{\"@id\":\"https:\\\/\\\/www.hankocraneparts.com\\\/product\\\/crane-brake-assembly\\\/#breadcrumb\"},\"inLanguage\":\"es\",\"potentialAction\":[{\"@type\":\"ReadAction\",\"target\":[\"https:\\\/\\\/www.hankocraneparts.com\\\/product\\\/crane-brake-assembly\\\/\"]}]},{\"@type\":\"ImageObject\",\"inLanguage\":\"es\",\"@id\":\"https:\\\/\\\/www.hankocraneparts.com\\\/product\\\/crane-brake-assembly\\\/#primaryimage\",\"url\":\"https:\\\/\\\/www.hankocraneparts.com\\\/wp-content\\\/uploads\\\/2025\\\/10\\\/overhead-crane-brake-assembly.jpeg\",\"contentUrl\":\"https:\\\/\\\/www.hankocraneparts.com\\\/wp-content\\\/uploads\\\/2025\\\/10\\\/overhead-crane-brake-assembly.jpeg\",\"width\":640,\"height\":640},{\"@type\":\"BreadcrumbList\",\"@id\":\"https:\\\/\\\/www.hankocraneparts.com\\\/product\\\/crane-brake-assembly\\\/#breadcrumb\",\"itemListElement\":[{\"@type\":\"ListItem\",\"position\":1,\"name\":\"\u9996\u9875\",\"item\":\"https:\\\/\\\/www.hankocraneparts.com\\\/\"},{\"@type\":\"ListItem\",\"position\":2,\"name\":\"\u4ea7\u54c1\",\"item\":\"https:\\\/\\\/www.hankocraneparts.com\\\/product\\\/\"},{\"@type\":\"ListItem\",\"position\":3,\"name\":\"Crane Brake Assembly\"}]},{\"@type\":\"WebSite\",\"@id\":\"https:\\\/\\\/www.hankocraneparts.com\\\/#website\",\"url\":\"https:\\\/\\\/www.hankocraneparts.com\\\/\",\"name\":\"HanKo\",\"description\":\"\",\"publisher\":{\"@id\":\"https:\\\/\\\/www.hankocraneparts.com\\\/#organization\"},\"potentialAction\":[{\"@type\":\"SearchAction\",\"target\":{\"@type\":\"EntryPoint\",\"urlTemplate\":\"https:\\\/\\\/www.hankocraneparts.com\\\/?s={search_term_string}\"},\"query-input\":{\"@type\":\"PropertyValueSpecification\",\"valueRequired\":true,\"valueName\":\"search_term_string\"}}],\"inLanguage\":\"es\"},{\"@type\":\"Organization\",\"@id\":\"https:\\\/\\\/www.hankocraneparts.com\\\/#organization\",\"name\":\"HanKo\",\"url\":\"https:\\\/\\\/www.hankocraneparts.com\\\/\",\"logo\":{\"@type\":\"ImageObject\",\"inLanguage\":\"es\",\"@id\":\"https:\\\/\\\/www.hankocraneparts.com\\\/#\\\/schema\\\/logo\\\/image\\\/\",\"url\":\"https:\\\/\\\/www.hankocraneparts.com\\\/wp-content\\\/uploads\\\/2025\\\/08\\\/LOGO.png\",\"contentUrl\":\"https:\\\/\\\/www.hankocraneparts.com\\\/wp-content\\\/uploads\\\/2025\\\/08\\\/LOGO.png\",\"width\":394,\"height\":388,\"caption\":\"HanKo\"},\"image\":{\"@id\":\"https:\\\/\\\/www.hankocraneparts.com\\\/#\\\/schema\\\/logo\\\/image\\\/\"}}]}<\/script>\n<!-- \/ Yoast SEO plugin. -->","yoast_head_json":{"title":"Crane Brake Assembly - Hanko","description":"Crane brake assembly provides reliable deceleration, holding, and emergency braking for safe and stable crane operation.","robots":{"index":"index","follow":"follow","max-snippet":"max-snippet:-1","max-image-preview":"max-image-preview:large","max-video-preview":"max-video-preview:-1"},"canonical":"https:\/\/www.hankocraneparts.com\/es\/product\/crane-brake-assembly\/","og_locale":"es_ES","og_type":"article","og_title":"Crane Brake Assembly - Hanko","og_description":"Crane brake assembly provides reliable deceleration, holding, and emergency braking for safe and stable crane operation.","og_url":"https:\/\/www.hankocraneparts.com\/es\/product\/crane-brake-assembly\/","og_site_name":"Hanko","article_modified_time":"2026-04-24T03:40:21+00:00","og_image":[{"width":640,"height":640,"url":"https:\/\/www.hankocraneparts.com\/wp-content\/uploads\/2025\/10\/overhead-crane-brake-assembly.jpeg","type":"image\/jpeg"}],"twitter_card":"summary_large_image","twitter_misc":{"Tiempo de lectura":"1 minuto"},"schema":{"@context":"https:\/\/schema.org","@graph":[{"@type":"WebPage","@id":"https:\/\/www.hankocraneparts.com\/product\/crane-brake-assembly\/","url":"https:\/\/www.hankocraneparts.com\/product\/crane-brake-assembly\/","name":"Crane Brake Assembly - Hanko","isPartOf":{"@id":"https:\/\/www.hankocraneparts.com\/#website"},"primaryImageOfPage":{"@id":"https:\/\/www.hankocraneparts.com\/product\/crane-brake-assembly\/#primaryimage"},"image":{"@id":"https:\/\/www.hankocraneparts.com\/product\/crane-brake-assembly\/#primaryimage"},"thumbnailUrl":"https:\/\/www.hankocraneparts.com\/wp-content\/uploads\/2025\/10\/overhead-crane-brake-assembly.jpeg","datePublished":"2025-10-17T02:08:13+00:00","dateModified":"2026-04-24T03:40:21+00:00","description":"Crane brake assembly provides reliable deceleration, holding, and emergency braking for safe and stable crane operation.","breadcrumb":{"@id":"https:\/\/www.hankocraneparts.com\/product\/crane-brake-assembly\/#breadcrumb"},"inLanguage":"es","potentialAction":[{"@type":"ReadAction","target":["https:\/\/www.hankocraneparts.com\/product\/crane-brake-assembly\/"]}]},{"@type":"ImageObject","inLanguage":"es","@id":"https:\/\/www.hankocraneparts.com\/product\/crane-brake-assembly\/#primaryimage","url":"https:\/\/www.hankocraneparts.com\/wp-content\/uploads\/2025\/10\/overhead-crane-brake-assembly.jpeg","contentUrl":"https:\/\/www.hankocraneparts.com\/wp-content\/uploads\/2025\/10\/overhead-crane-brake-assembly.jpeg","width":640,"height":640},{"@type":"BreadcrumbList","@id":"https:\/\/www.hankocraneparts.com\/product\/crane-brake-assembly\/#breadcrumb","itemListElement":[{"@type":"ListItem","position":1,"name":"\u9996\u9875","item":"https:\/\/www.hankocraneparts.com\/"},{"@type":"ListItem","position":2,"name":"\u4ea7\u54c1","item":"https:\/\/www.hankocraneparts.com\/product\/"},{"@type":"ListItem","position":3,"name":"Crane Brake Assembly"}]},{"@type":"WebSite","@id":"https:\/\/www.hankocraneparts.com\/#website","url":"https:\/\/www.hankocraneparts.com\/","name":"HanKo","description":"","publisher":{"@id":"https:\/\/www.hankocraneparts.com\/#organization"},"potentialAction":[{"@type":"SearchAction","target":{"@type":"EntryPoint","urlTemplate":"https:\/\/www.hankocraneparts.com\/?s={search_term_string}"},"query-input":{"@type":"PropertyValueSpecification","valueRequired":true,"valueName":"search_term_string"}}],"inLanguage":"es"},{"@type":"Organization","@id":"https:\/\/www.hankocraneparts.com\/#organization","name":"HanKo","url":"https:\/\/www.hankocraneparts.com\/","logo":{"@type":"ImageObject","inLanguage":"es","@id":"https:\/\/www.hankocraneparts.com\/#\/schema\/logo\/image\/","url":"https:\/\/www.hankocraneparts.com\/wp-content\/uploads\/2025\/08\/LOGO.png","contentUrl":"https:\/\/www.hankocraneparts.com\/wp-content\/uploads\/2025\/08\/LOGO.png","width":394,"height":388,"caption":"HanKo"},"image":{"@id":"https:\/\/www.hankocraneparts.com\/#\/schema\/logo\/image\/"}}]}},"_links":{"self":[{"href":"https:\/\/www.hankocraneparts.com\/es\/wp-json\/wp\/v2\/product\/3496","targetHints":{"allow":["GET"]}}],"collection":[{"href":"https:\/\/www.hankocraneparts.com\/es\/wp-json\/wp\/v2\/product"}],"about":[{"href":"https:\/\/www.hankocraneparts.com\/es\/wp-json\/wp\/v2\/types\/product"}],"version-history":[{"count":2,"href":"https:\/\/www.hankocraneparts.com\/es\/wp-json\/wp\/v2\/product\/3496\/revisions"}],"predecessor-version":[{"id":4636,"href":"https:\/\/www.hankocraneparts.com\/es\/wp-json\/wp\/v2\/product\/3496\/revisions\/4636"}],"wp:featuredmedia":[{"embeddable":true,"href":"https:\/\/www.hankocraneparts.com\/es\/wp-json\/wp\/v2\/media\/3500"}],"wp:attachment":[{"href":"https:\/\/www.hankocraneparts.com\/es\/wp-json\/wp\/v2\/media?parent=3496"}],"wp:term":[{"taxonomy":"post_tag","embeddable":true,"href":"https:\/\/www.hankocraneparts.com\/es\/wp-json\/wp\/v2\/tags?post=3496"},{"taxonomy":"product_catagory","embeddable":true,"href":"https:\/\/www.hankocraneparts.com\/es\/wp-json\/wp\/v2\/product_catagory?post=3496"}],"curies":[{"name":"wp","href":"https:\/\/api.w.org\/{rel}","templated":true}]}}